{"id":372,"date":"2024-08-20T16:47:56","date_gmt":"2024-08-20T14:47:56","guid":{"rendered":"https:\/\/zalasowa.com.pl\/?page_id=372"},"modified":"2024-08-20T17:53:37","modified_gmt":"2024-08-20T15:53:37","slug":"medard-czarnik-i-jego-archiwum-fotografii","status":"publish","type":"page","link":"https:\/\/zalasowa.com.pl\/?page_id=372","title":{"rendered":"Medard Czarnik i jego archiwum fotografii"},"content":{"rendered":"\n<div style=\"height:20px\" aria-hidden=\"true\" class=\"wp-block-spacer\"><\/div>\n\n\n\n<p>Medard Czarnik urodzi\u0142 si\u0119 25 stycznia 1926 r. w Zalasowej. Od lat 50. XX w. fotografowa\u0142 wa\u017cne w \u017cyciu lokalnej spo\u0142eczno\u015bci wydarzenia, takie jak uroczysto\u015bci religijne i rodzinne, zar\u00f3wno w Zalasowej, Szynwa\u0142dzie, jak i s\u0105siednich miejscowo\u015bciach.<\/p>\n\n\n<div class=\"wp-block-image\">\n<figure class=\"aligncenter size-full\"><img loading=\"lazy\" decoding=\"async\" width=\"507\" height=\"767\" src=\"https:\/\/zalasowa.com.pl\/wp-content\/uploads\/2024\/08\/Medard-Czarnik1.jpg\" alt=\"\" class=\"wp-image-355\" srcset=\"https:\/\/zalasowa.com.pl\/wp-content\/uploads\/2024\/08\/Medard-Czarnik1.jpg 507w, https:\/\/zalasowa.com.pl\/wp-content\/uploads\/2024\/08\/Medard-Czarnik1-198x300.jpg 198w\" sizes=\"auto, (max-width: 507px) 100vw, 507px\" \/><\/figure>\n<\/div>\n\n\n<p>Pracowa\u0142 aparatem Zeiss Ikon, o formacie negatywu 6&#215;9 cm. Pierwsze odbitki wykonywa\u0142 metod\u0105 na styk, p\u00f3\u017aniej skonstruowa\u0142 wed\u0142ug w\u0142asnego pomys\u0142u powi\u0119kszalnik, co pozwala\u0142o mu wykonywa\u0107 wi\u0119ksze reprodukcje. Zrobione przez niego zdj\u0119cia by\u0142y bardzo dobrej jako\u015bci, starannie opracowane chemicznie, o czym \u015bwiadczy stan w jakim zachowa\u0142y si\u0119 do dzi\u015b. W pracy pomaga\u0142a mu \u017cona Maria (z domu Plebanek), pochodz\u0105ca z Szynwa\u0142du.<\/p>\n\n\n\n<p>Zajmowa\u0142 si\u0119 r\u00f3wnie\u017c napraw\u0105 zegar\u00f3w, radioodbiornik\u00f3w, maszyn do szycia. Wiele starszych os\u00f3b pami\u0119ta, \u017ce te zepsute przedmioty zanosi\u0142o si\u0119 do naprawy do &#8222;Mondka&#8221;, bo tak by\u0142 nazywany. Wyrabia\u0142 on tak\u017ce mosi\u0119\u017cne obr\u0105czki \u015blubne, zapalniczki, szy\u0142 sk\u00f3rzane teczki, robi\u0142 tabliczki nagrobne z kajneru, klamry do pas\u00f3w, latarki elektryczne.<\/p>\n\n\n\n<p>Trudni\u0142&nbsp; si\u0119 kowalstwem, \u015blusarstwem i dekarstwem. Do dzi\u015b mo\u017cna jeszcze spotka\u0107 rynny jego roboty, z pi\u0119kn\u0105 ornamentyk\u0105, wykonan\u0105 z blachy. By\u0142 samoukiem, posiadaj\u0105cym du\u017c\u0105 wiedz\u0119 z zakresu chemii, optyki, elektrotechniki i elektroniki.<\/p>\n\n\n\n<p>Zmar\u0142 5 maja 2000 r., spoczywa na cmentarzu w Zalasowej.<\/p>\n\n\n\n<p><a href=\"https:\/\/zalasowa.com.pl\/?page_id=356\" title=\"\">Kliknij tutaj aby przej\u015b\u0107 do ARCHIWUM<\/a><\/p>\n\n\n\n<p>\u201eUtworzenie cyfrowego archiwum fotografii wykonanych przez Medarda Czarnika\u201d, realizowane by\u0142o przez Stowarzyszenie M\u00f3j Szynwa\u0142d. Celem tego przedsi\u0119wzi\u0119cia, by\u0142o zachowanie i digitalizacja, ca\u0142ego istniej\u0105cego dorobku fotografa.<\/p>\n\n\n\n<figure class=\"wp-block-embed is-type-rich is-provider-obs-uga-osadzania wp-block-embed-obs-uga-osadzania wp-embed-aspect-16-9 wp-has-aspect-ratio\"><div class=\"wp-block-embed__wrapper\">\n<iframe loading=\"lazy\" title=\"Przywracanie starych czas\u00f3w - Retro  zdj\u0119cia  na nowo  -  Szynwa\u0142d\" width=\"600\" height=\"338\" src=\"https:\/\/www.youtube.com\/embed\/otswvK31pOI?feature=oembed\" frameborder=\"0\" allow=\"accelerometer; autoplay; clipboard-write; encrypted-media; gyroscope; picture-in-picture; web-share\" referrerpolicy=\"strict-origin-when-cross-origin\" allowfullscreen><\/iframe>\n<\/div><\/figure>\n\n\n\n<p>Materia\u0142em wyj\u015bciowym do stworzenia archiwum, by\u0142y odnalezione po latach klisze fotograficzne, kt\u00f3re zosta\u0142y zeskanowane. Nast\u0119pnie skany by\u0142y posegregowane i przygotowane do publikacji internetowej. Wiele wydarze\u0144 i os\u00f3b znajduj\u0105cych si\u0119 na zdj\u0119ciach uda\u0142o si\u0119 rozpozna\u0107 i te fotografie w pierwszej kolejno\u015bci zosta\u0142y zamieszczone na stronie. Docelowo, do archiwum trafi kilka tysi\u0119cy zdj\u0119\u0107.<\/p>\n\n\n\n<p>Prezentowane w \u201eCyfrowym Archiwum Medarda Czarnika\u201d fotografie zosta\u0142y wykonane w latach 50., 60., i 70. XX w. mi\u0119dzy innymi w: Koszycach Wielkich, Lubczy, Ryglicach, Skrzyszowie, Szynwa\u0142dzie, Trzemesnej, Tuchowie, Woli Lubeckiej, Zalasowej. Przedstawiaj\u0105 one wa\u017cne w \u017cyciu mieszka\u0144c\u00f3w wydarzenia i uroczysto\u015bci rodzinne, takie jak: \u015bluby, wesela, pogrzeby, a tak\u017ce wydarzenia religijne, prymicje, kursy i prace polowe.<\/p>\n\n\n\n<p>Oficjalna prezentacja archiwum odby\u0142a si\u0119 18 listopada 2018 r. podczas podsumowania projektu.<\/p>\n\n\n\n<p>Serdecznie dzi\u0119kujemy Panu Wilhelmowi Zakrzewskiemu za udost\u0119pnienie klisz i innych pami\u0105tek po Medardzie Czarniku.<\/p>\n\n\n\n<ul class=\"wp-block-list\">\n<li>\u017ar\u00f3d\u0142o: <a href=\"https:\/\/medardczarnik.szynwald.pl\/\">https:\/\/szynwald.pl\/<\/a><\/li>\n<\/ul>\n","protected":false},"excerpt":{"rendered":"<p>Medard Czarnik urodzi\u0142 si\u0119 25 stycznia 1926 r. w Zalasowej. Od lat 50. XX w. fotografowa\u0142 wa\u017cne w \u017cyciu lokalnej spo\u0142eczno\u015bci wydarzenia, takie jak uroczysto\u015bci religijne i rodzinne, zar\u00f3wno w Zalasowej, Szynwa\u0142dzie, jak i s\u0105siednich miejscowo\u015bciach. Pracowa\u0142 aparatem Zeiss Ikon, o formacie negatywu 6&#215;9 cm. Pierwsze odbitki wykonywa\u0142 metod\u0105 na styk, p\u00f3\u017aniej skonstruowa\u0142 wed\u0142ug w\u0142asnego [&hellip;]<\/p>\n","protected":false},"author":1,"featured_media":0,"parent":0,"menu_order":0,"comment_status":"closed","ping_status":"closed","template":"","meta":{"om_disable_all_campaigns":false,"_monsterinsights_skip_tracking":false,"_monsterinsights_sitenote_active":false,"_monsterinsights_sitenote_note":"","_monsterinsights_sitenote_category":0,"footnotes":""},"class_list":["post-372","page","type-page","status-publish","hentry"],"aioseo_notices":[],"_links":{"self":[{"href":"https:\/\/zalasowa.com.pl\/index.php?rest_route=\/wp\/v2\/pages\/372","targetHints":{"allow":["GET"]}}],"collection":[{"href":"https:\/\/zalasowa.com.pl\/index.php?rest_route=\/wp\/v2\/pages"}],"about":[{"href":"https:\/\/zalasowa.com.pl\/index.php?rest_route=\/wp\/v2\/types\/page"}],"author":[{"embeddable":true,"href":"https:\/\/zalasowa.com.pl\/index.php?rest_route=\/wp\/v2\/users\/1"}],"replies":[{"embeddable":true,"href":"https:\/\/zalasowa.com.pl\/index.php?rest_route=%2Fwp%2Fv2%2Fcomments&post=372"}],"version-history":[{"count":13,"href":"https:\/\/zalasowa.com.pl\/index.php?rest_route=\/wp\/v2\/pages\/372\/revisions"}],"predecessor-version":[{"id":397,"href":"https:\/\/zalasowa.com.pl\/index.php?rest_route=\/wp\/v2\/pages\/372\/revisions\/397"}],"wp:attachment":[{"href":"https:\/\/zalasowa.com.pl\/index.php?rest_route=%2Fwp%2Fv2%2Fmedia&parent=372"}],"curies":[{"name":"wp","href":"https:\/\/api.w.org\/{rel}","templated":true}]}}