{"id":3,"date":"2023-12-10T01:14:38","date_gmt":"2023-12-10T00:14:38","guid":{"rendered":"https:\/\/zalasowa.com.pl\/?page_id=3"},"modified":"2023-12-11T21:26:47","modified_gmt":"2023-12-11T20:26:47","slug":"polityka-prywatnosci","status":"publish","type":"page","link":"https:\/\/zalasowa.com.pl\/?page_id=3","title":{"rendered":"Polityka prywatno\u015bci"},"content":{"rendered":"\n<p>Nazywam si\u0119 Robert Burza, jestem Zalasowianinem z dziada, pradziada, tw\u00f3rc\u0105, wsp\u00f3\u0142tw\u00f3rc\u0105 oraz w\u0142a\u015bcicielem i administratorem strony internetowej: https:\/\/zalasowa.com.pl. Kontakt ze mn\u0105 jest mo\u017cliwy poprzez\u00a0<a href=\"https:\/\/zalasowa.com.pl\/?page_id=11\">formularz kontaktowy<\/a>.<\/p>\n\n\n\n<h2 class=\"wp-block-heading\">Informacja o prawach autorskich<\/h2>\n\n\n\n<p>Wszystkie fotografie oraz inne prace, dzia\u0142a i  informacje zawarte i opublikowane w tym serwisie s\u0105 chronione prawem autorskim i\u00a0nale\u017c\u0105 do autora strony oraz jej wsp\u00f3\u0142tw\u00f3rc\u00f3w.<\/p>\n\n\n\n<p>Strona zbudowana jest na bazie WordPress i wykorzystuje jego elementy.<\/p>\n\n\n\n<p>Wszelkie kopiowanie, dystrybucja, przetwarzanie oraz przesy\u0142anie tre\u015bci bez zgody administratora strony jest zabronione.<\/p>\n\n\n\n<h2 class=\"wp-block-heading\">Komentarze<\/h2>\n\n\n\n<p>Kiedy odwiedzaj\u0105cy witryn\u0119 zostawia komentarz, zbieram dane widoczne w formularzu komentowania, jak i adres IP odwiedzaj\u0105cego oraz podpis jego przegl\u0105darki jako pomoc przy wykrywaniu spamu.<\/p>\n\n\n\n<p>Zanonimizowany ci\u0105g znak\u00f3w stworzony na podstawie twojego adresu e-mail (tak zwany hash) mo\u017ce zosta\u0107 przes\u0142any do us\u0142ugi Gravatar w celu sprawdzenia czy jej u\u017cywasz. Polityka prywatno\u015bci us\u0142ugi Gravatar jest dost\u0119pna tutaj: https:\/\/automattic.com\/privacy\/. Po zatwierdzeniu komentarza tw\u00f3j obrazek profilowy jest widoczny publicznie w kontek\u015bcie twojego komentarza.<\/p>\n\n\n\n<h2 class=\"wp-block-heading\">Media<\/h2>\n\n\n\n<p>Je\u015bli jeste\u015b zarejestrowanym u\u017cytkownikiem i wgrywasz na witryn\u0119 obrazki, powiniene\u015b unika\u0107 przesy\u0142ania obrazk\u00f3w z tagami EXIF lokalizacji. Odwiedzaj\u0105cy stron\u0119 mog\u0105 pobra\u0107 i odczyta\u0107 pe\u0142ne dane lokalizacyjne z obrazk\u00f3w w witrynie.<\/p>\n\n\n\n<h2 class=\"wp-block-heading\">Ciasteczka<\/h2>\n\n\n\n<p>Je\u015bli zostawisz na mojej witrynie komentarz, b\u0119dzie mo\u017cna wybra\u0107 opcj\u0119 zapisu twojej nazwy, adresu e-mail i adresu strony internetowej w ciasteczkach, dzi\u0119ki kt\u00f3rym podczas pisania kolejnych komentarzy powy\u017csze informacje b\u0119d\u0105 ju\u017c dogodnie uzupe\u0142nione. Ciasteczka wygasaj\u0105 po roku.<\/p>\n\n\n\n<h2 class=\"wp-block-heading\">Osadzone tre\u015bci z innych witryn<\/h2>\n\n\n\n<p>Artyku\u0142y na tej witrynie mog\u0105 zawiera\u0107 osadzone tre\u015bci (np. filmy, obrazki, artyku\u0142y itp.). Osadzone tre\u015bci z innych witryn zachowuj\u0105 si\u0119 analogicznie do tego, jakby u\u017cytkownik odwiedzi\u0142 bezpo\u015brednio konkretn\u0105 witryn\u0119.<\/p>\n\n\n\n<p>Witryny mog\u0105 zbiera\u0107 informacje o tobie, u\u017cywa\u0107 ciasteczek, do\u0142\u0105cza\u0107 dodatkowe, zewn\u0119trzne systemy \u015bledzenia i monitorowa\u0107 twoje interakcje z osadzonym materia\u0142em, w\u0142\u0105czaj\u0105c w to \u015bledzenie twoich interakcji z osadzonym materia\u0142em je\u015bli posiadasz konto i jeste\u015b zalogowany w tamtej witrynie.<\/p>\n\n\n\n<h2 class=\"wp-block-heading\">Kontakt poprzez maila lub formularze kontaktowe<\/h2>\n\n\n\n<p>Podczas kontaktu poprzez formularze na tej stronie, pozostawiasz wymagane dane do wys\u0142ania wiadomo\u015bci, a tak\u017ce adres IP oraz podpis przegl\u0105darki jako pomoc przy wykrywaniu spamu.<\/p>\n\n\n\n<p>Podczas kontaktu mailowego, w spos\u00f3b naturalny przekazujesz nam sw\u00f3j adres e-mail jako adres nadawcy wiadomo\u015bci. Ponadto, w tre\u015bci wiadomo\u015bci mo\u017cesz zawrze\u0107 r\u00f3wnie\u017c inne dane osobowe.<\/p>\n\n\n\n<h2 class=\"wp-block-heading\">Z kim dziel\u0119 si\u0119 danymi<\/h2>\n\n\n\n<p>Je\u015bli za\u017c\u0105dasz zresetowania has\u0142a, tw\u00f3j adres IP zostanie do\u0142\u0105czony do wysy\u0142anej wiadomo\u015bci. Zewn\u0119trzni us\u0142ugodawcy, kt\u00f3rzy r\u00f3wnie\u017c mog\u0105 przetwarza\u0107 Twoje dane osobowe:<\/p>\n\n\n\n<ul class=\"wp-block-list\">\n<li>dostawca serwer\u00f3w mailowych, z kt\u00f3rych ta strona korzysta np. podczas kontaktu poprzez formularze zawarte na tej stronie,<\/li>\n<\/ul>\n\n\n\n<h2 class=\"wp-block-heading\">Logi serwera<\/h2>\n\n\n\n<p>Korzystanie ze strony wi\u0105\u017ce si\u0119 z przesy\u0142aniem zapyta\u0144 do serwera, na kt\u00f3rym przechowywana jest strona. Ka\u017cde zapytanie skierowane do serwera zapisywane jest w logach serwera.<\/p>\n\n\n\n<p>Logi obejmuj\u0105 m.in. Tw\u00f3j adres IP, dat\u0119 i czas serwera, informacje o przegl\u0105darce internetowej i systemie operacyjnym z jakiego korzystasz. Logi zapisywane i przechowywane s\u0105 na serwerze.<\/p>\n\n\n\n<p>Dane zapisane w logach serwera nie s\u0105 kojarzone z konkretnymi osobami korzystaj\u0105cymi ze strony i nie s\u0105 wykorzystywane przeze mnie w celu Twojej identyfikacji.<\/p>\n\n\n\n<p>Logi serwera stanowi\u0105 wy\u0142\u0105cznie materia\u0142 pomocniczy s\u0142u\u017c\u0105cy do administrowania stron\u0105 a ich zawarto\u015b\u0107 nie jest ujawniana nikomu poza osobami upowa\u017cnionymi do administrowania serwerem.<\/p>\n\n\n\n<h2 class=\"wp-block-heading\">Jak d\u0142ugo przechowuj\u0119 twoje dane<\/h2>\n\n\n\n<p>Je\u015bli zostawisz komentarz, jego tre\u015b\u0107 i metadane b\u0119d\u0105 przechowywane przez czas nieokre\u015blony. Dzi\u0119ki temu jestem w stanie rozpoznawa\u0107 i zatwierdza\u0107 kolejne komentarze automatycznie, bez wysy\u0142ania ich do ka\u017cdorazowej moderacji.<\/p>\n\n\n\n<p>Dla u\u017cytkownik\u00f3w kt\u00f3rzy zarejestrowali si\u0119 na mojej stronie internetowej (je\u015bli tacy s\u0105), przechowuj\u0119 r\u00f3wnie\u017c informacje osobiste wprowadzone w profilu. Ka\u017cdy u\u017cytkownik mo\u017ce dokona\u0107 wgl\u0105du, korekty albo skasowa\u0107 swoje informacje osobiste w dowolnej chwili (nie licz\u0105c nazwy u\u017cytkownika, kt\u00f3rej nie mo\u017cna zmieni\u0107). Administratorzy strony r\u00f3wnie\u017c mog\u0105 przegl\u0105da\u0107 i modyfikowa\u0107 te informacje.<\/p>\n\n\n\n<h2 class=\"wp-block-heading\">Jakie masz prawa do swoich danych<\/h2>\n\n\n\n<p>Je\u015bli masz konto u\u017cytkownika albo doda\u0142e\u015b komentarze w tej witrynie, mo\u017cesz za\u017c\u0105da\u0107 dostarczenia pliku z wyeksportowanym kompletem twoich danych osobistych b\u0119d\u0105cych w moim posiadaniu, w tym ca\u0142o\u015b\u0107 tych dostarczonych przez ciebie. Mo\u017cesz r\u00f3wnie\u017c za\u017c\u0105da\u0107 usuni\u0119cia przez nas ca\u0142o\u015bci twoich danych osobistych w moim posiadaniu. Nie dotyczy to \u017cadnych danych kt\u00f3re jestem zobligowany zachowa\u0107 ze wzgl\u0119d\u00f3w administracyjnych, prawnych albo bezpiecze\u0144stwa.<\/p>\n\n\n\n<h2 class=\"wp-block-heading\">Wy\u0142\u0105czenie odpowiedzialno\u015bci<\/h2>\n\n\n\n<p>Serwis https:\/\/zalasowa.com.pl\/ nie bierze odpowiedzialno\u015bci za ewentualne straty spowodowane korzystaniem z tre\u015bci tutaj zamieszczonej. Autor bloga nie odpowiada za komentarze pozostawione przez u\u017cytkownik\u00f3w.<\/p>\n\n\n\n<h2 class=\"wp-block-heading\">Gdzie przesy\u0142amy dane<\/h2>\n\n\n\n<p>Komentarze go\u015bci mog\u0105 by\u0107 sprawdzane za pomoc\u0105 automatycznej us\u0142ugi wykrywania spamu.<\/p>\n\n\n\n<p><a href=\"https:\/\/www.facebook.com\/sharer\/sharer.php?u=https%3A%2F%2Fwww.facebook.com%2Fprofile.php%3Fid%3D100087458686205\" target=\"_blank\" rel=\"noreferrer noopener\"><\/a><a href=\"https:\/\/www.instagram.com\/rudobrody_mag\" target=\"_blank\" rel=\"noreferrer noopener\"><\/a><a href=\"https:\/\/nextcloud.burza.com.pl\/\"><\/a><a href=\"https:\/\/burza.com.pl\/\"><\/a><\/p>\n\n\n\n<ul class=\"wp-block-list\" id=\"menu-menu\"><\/ul>\n","protected":false},"excerpt":{"rendered":"<p>Nazywam si\u0119 Robert Burza, jestem Zalasowianinem z dziada, pradziada, tw\u00f3rc\u0105, wsp\u00f3\u0142tw\u00f3rc\u0105 oraz w\u0142a\u015bcicielem i administratorem strony internetowej: https:\/\/zalasowa.com.pl. Kontakt ze mn\u0105 jest mo\u017cliwy poprzez\u00a0formularz kontaktowy. Informacja o prawach autorskich Wszystkie fotografie oraz inne prace, dzia\u0142a i informacje zawarte i opublikowane w tym serwisie s\u0105 chronione prawem autorskim i\u00a0nale\u017c\u0105 do autora strony oraz jej wsp\u00f3\u0142tw\u00f3rc\u00f3w. Strona [&hellip;]<\/p>\n","protected":false},"author":1,"featured_media":0,"parent":0,"menu_order":0,"comment_status":"closed","ping_status":"open","template":"","meta":{"om_disable_all_campaigns":false,"_monsterinsights_skip_tracking":false,"_monsterinsights_sitenote_active":false,"_monsterinsights_sitenote_note":"","_monsterinsights_sitenote_category":0,"footnotes":""},"class_list":["post-3","page","type-page","status-publish","hentry"],"aioseo_notices":[],"_links":{"self":[{"href":"https:\/\/zalasowa.com.pl\/index.php?rest_route=\/wp\/v2\/pages\/3","targetHints":{"allow":["GET"]}}],"collection":[{"href":"https:\/\/zalasowa.com.pl\/index.php?rest_route=\/wp\/v2\/pages"}],"about":[{"href":"https:\/\/zalasowa.com.pl\/index.php?rest_route=\/wp\/v2\/types\/page"}],"author":[{"embeddable":true,"href":"https:\/\/zalasowa.com.pl\/index.php?rest_route=\/wp\/v2\/users\/1"}],"replies":[{"embeddable":true,"href":"https:\/\/zalasowa.com.pl\/index.php?rest_route=%2Fwp%2Fv2%2Fcomments&post=3"}],"version-history":[{"count":8,"href":"https:\/\/zalasowa.com.pl\/index.php?rest_route=\/wp\/v2\/pages\/3\/revisions"}],"predecessor-version":[{"id":104,"href":"https:\/\/zalasowa.com.pl\/index.php?rest_route=\/wp\/v2\/pages\/3\/revisions\/104"}],"wp:attachment":[{"href":"https:\/\/zalasowa.com.pl\/index.php?rest_route=%2Fwp%2Fv2%2Fmedia&parent=3"}],"curies":[{"name":"wp","href":"https:\/\/api.w.org\/{rel}","templated":true}]}}